{"id":36,"date":"2021-08-17T10:43:37","date_gmt":"2021-08-17T08:43:37","guid":{"rendered":"http:\/\/www.reflexonat.com\/?page_id=36"},"modified":"2021-09-13T10:18:32","modified_gmt":"2021-09-13T08:18:32","slug":"qui-suis-je","status":"publish","type":"page","link":"https:\/\/www.reflexonat.com\/index.php\/qui-suis-je\/","title":{"rendered":"Qui suis-je?"},"content":{"rendered":"\t\t<div data-elementor-type=\"wp-page\" data-elementor-id=\"36\" class=\"elementor elementor-36\" data-elementor-settings=\"[]\">\n\t\t\t\t\t\t\t<div class=\"elementor-section-wrap\">\n\t\t\t\t\t\t\t<section class=\"elementor-section elementor-top-section elementor-element elementor-element-883ea03 elementor-section-boxed elementor-section-height-default elementor-section-height-default\" data-id=\"883ea03\" data-element_type=\"section\">\n\t\t\t\t\t\t<div class=\"elementor-container elementor-column-gap-default\">\n\t\t\t\t\t<div class=\"elementor-column elementor-col-50 elementor-top-column elementor-element elementor-element-51f5fe8\" data-id=\"51f5fe8\" data-element_type=\"column\">\n\t\t\t<div class=\"elementor-widget-wrap elementor-element-populated\">\n\t\t\t\t\t\t\t\t<div class=\"elementor-element elementor-element-362668f elementor-widget elementor-widget-text-editor\" data-id=\"362668f\" data-element_type=\"widget\" data-widget_type=\"text-editor.default\">\n\t\t\t\t<div class=\"elementor-widget-container\">\n\t\t\t\t\t\t\t<p>Pr\u00e9paratrice en pharmacie depuis plus de 15 ans ,j&rsquo;ai voulu apporter un accompagnement personnalis\u00e9 aux demandes auxquelles je fais face fr\u00e9quemment\u00a0 dans ma profession.<\/p>\n<p><!-- \/wp:paragraph --><!-- wp:paragraph --><\/p>\n<p>L&rsquo;\u00e9volution de nos mode de vie a engendr\u00e9 des besoins d&rsquo;assistance ,de pr\u00e9vention,et de soutiens pour r\u00e9pondre aux souffrances du quotidien\u00a0.<\/p>\n<p><!-- \/wp:paragraph --><!-- wp:paragraph --><\/p>\n<p>\u00a0Par la r\u00e9flexologie , j&rsquo;ai trouv\u00e9 une alternative ,une approche diff\u00e9rente qui prend en charge un individu dans son ensemble avec sa personnalit\u00e9 et son environnement et qui va simplement essayer de r\u00e9tablir un \u00e9quilibre ,une stabilit\u00e9 afin de rem\u00e9dier \u00e0 un probl\u00e8me donn\u00e9.<\/p>\n<p><!-- \/wp:paragraph --><!-- wp:paragraph --><\/p>\n<p>L&rsquo;\u00e9coute et la bienveillance qui sont associ\u00e9 \u00e0 la sc\u00e9ance font partie int\u00e9grale\u00a0 d&rsquo;un processus de remise en route des fonctions de l&rsquo;organisme.<\/p>\n<p><!-- \/wp:paragraph --><!-- wp:paragraph --><\/p>\n<p>Le bien-etre qui en r\u00e9sulte est un premier pas vers ce retour \u00e0 l&rsquo;\u00e9quilibre.<\/p>\n<p><!-- \/wp:paragraph --><!-- wp:paragraph --><\/p>\n<p>Form\u00e9e au centre de r\u00e9flexologie de Touraine aupr\u00e8s de Marie-Ange Simonnot j&rsquo;ai obtenue ma certification en 2021, j&rsquo;ai ainsi acquis une formation compl\u00e8te en r\u00e9flexologie plantaire ,faciale ,palmaire ,et en auriculoth\u00e9rapie.<\/p>\n<p><!-- \/wp:paragraph --><!-- wp:paragraph --><\/p>\n<p>J&rsquo;ai pu compl\u00e9ter ma formation en p\u00e9diatrie aupr\u00e8s d&rsquo;Elise Br\u00e9h\u00e9ret sp\u00e9cialis\u00e9e chez les enfants.<\/p>\n<p><!-- \/wp:paragraph --><!-- wp:paragraph --><\/p>\n<p>Grace \u00e0 mes comp\u00e9tence professionnelles je pourrais en plus vous proposer des conseils en hom\u00e9opathie,phytoth\u00e9rapie ,aromath\u00e9rapie ou micronutrition.<\/p>\t\t\t\t\t\t<\/div>\n\t\t\t\t<\/div>\n\t\t\t\t\t<\/div>\n\t\t<\/div>\n\t\t\t\t<div class=\"elementor-column elementor-col-50 elementor-top-column elementor-element elementor-element-ef38243\" data-id=\"ef38243\" data-element_type=\"column\">\n\t\t\t<div class=\"elementor-widget-wrap elementor-element-populated\">\n\t\t\t\t\t\t\t\t<div class=\"elementor-element elementor-element-aa699a2 elementor-widget elementor-widget-image\" data-id=\"aa699a2\" data-element_type=\"widget\" data-widget_type=\"image.default\">\n\t\t\t\t<div class=\"elementor-widget-container\">\n\t\t\t\t\t\t\t\t\t\t\t\t\t\t\t<img width=\"583\" height=\"722\" src=\"https:\/\/www.reflexonat.com\/wp-content\/uploads\/2021\/09\/nata.jpg\" class=\"attachment-large size-large\" alt=\"\" loading=\"lazy\" srcset=\"https:\/\/www.reflexonat.com\/wp-content\/uploads\/2021\/09\/nata.jpg 583w, https:\/\/www.reflexonat.com\/wp-content\/uploads\/2021\/09\/nata-242x300.jpg 242w\" sizes=\"(max-width: 583px) 100vw, 583px\" \/>\t\t\t\t\t\t\t\t\t\t\t\t\t\t\t<\/div>\n\t\t\t\t<\/div>\n\t\t\t\t\t<\/div>\n\t\t<\/div>\n\t\t\t\t\t\t\t<\/div>\n\t\t<\/section>\n\t\t\t\t\t\t<\/div>\n\t\t\t\t\t<\/div>\n\t\t","protected":false},"excerpt":{"rendered":"<p>Pr\u00e9paratrice en pharmacie depuis plus de 15 ans ,j&rsquo;ai voulu apporter un accompagnement personnalis\u00e9 aux demandes auxquelles je fais face fr\u00e9quemment\u00a0 dans ma profession. L&rsquo;\u00e9volution de nos mode de vie a engendr\u00e9 des besoins d&rsquo;assistance ,de pr\u00e9vention,et de soutiens pour r\u00e9pondre aux souffrances du quotidien\u00a0. \u00a0Par la r\u00e9flexologie , j&rsquo;ai trouv\u00e9 une alternative ,une approche [&hellip;]<\/p>\n","protected":false},"author":1,"featured_media":0,"parent":0,"menu_order":0,"comment_status":"closed","ping_status":"closed","template":"","meta":[],"_links":{"self":[{"href":"https:\/\/www.reflexonat.com\/index.php\/wp-json\/wp\/v2\/pages\/36"}],"collection":[{"href":"https:\/\/www.reflexonat.com\/index.php\/wp-json\/wp\/v2\/pages"}],"about":[{"href":"https:\/\/www.reflexonat.com\/index.php\/wp-json\/wp\/v2\/types\/page"}],"author":[{"embeddable":true,"href":"https:\/\/www.reflexonat.com\/index.php\/wp-json\/wp\/v2\/users\/1"}],"replies":[{"embeddable":true,"href":"https:\/\/www.reflexonat.com\/index.php\/wp-json\/wp\/v2\/comments?post=36"}],"version-history":[{"count":5,"href":"https:\/\/www.reflexonat.com\/index.php\/wp-json\/wp\/v2\/pages\/36\/revisions"}],"predecessor-version":[{"id":116,"href":"https:\/\/www.reflexonat.com\/index.php\/wp-json\/wp\/v2\/pages\/36\/revisions\/116"}],"wp:attachment":[{"href":"https:\/\/www.reflexonat.com\/index.php\/wp-json\/wp\/v2\/media?parent=36"}],"curies":[{"name":"wp","href":"https:\/\/api.w.org\/{rel}","templated":true}]}}