{"id":37,"date":"2021-08-17T10:43:37","date_gmt":"2021-08-17T08:43:37","guid":{"rendered":"http:\/\/www.reflexonat.com\/?page_id=37"},"modified":"2021-09-26T19:37:44","modified_gmt":"2021-09-26T17:37:44","slug":"reflexologie-3","status":"publish","type":"page","link":"https:\/\/www.reflexonat.com\/index.php\/reflexologie-3\/","title":{"rendered":"R\u00e9flexologie"},"content":{"rendered":"\t\t<div data-elementor-type=\"wp-page\" data-elementor-id=\"37\" class=\"elementor elementor-37\" data-elementor-settings=\"[]\">\n\t\t\t\t\t\t\t<div class=\"elementor-section-wrap\">\n\t\t\t\t\t\t\t<section class=\"elementor-section elementor-top-section elementor-element elementor-element-cb693b0 elementor-section-boxed elementor-section-height-default elementor-section-height-default\" data-id=\"cb693b0\" data-element_type=\"section\">\n\t\t\t\t\t\t<div class=\"elementor-container elementor-column-gap-default\">\n\t\t\t\t\t<div class=\"elementor-column elementor-col-100 elementor-top-column elementor-element elementor-element-941faa1\" data-id=\"941faa1\" data-element_type=\"column\">\n\t\t\t<div class=\"elementor-widget-wrap elementor-element-populated\">\n\t\t\t\t\t\t\t\t<div class=\"elementor-element elementor-element-4c6ac90 elementor-widget elementor-widget-text-editor\" data-id=\"4c6ac90\" data-element_type=\"widget\" data-widget_type=\"text-editor.default\">\n\t\t\t\t<div class=\"elementor-widget-container\">\n\t\t\t\t\t\t\t<p>La r\u00e9flexologie est une technique de massage sp\u00e9cifique issue de la m\u00e9decine traditionnelle chinoise qui int\u00e8gre le fait que le corps dans sa globalit\u00e9\u00a0 est repr\u00e9sent\u00e9 sur certaines zones comme les mains ,les pieds ,le visage ou les oreilles.<\/p><p>Ainsi en travaillant sur des zones r\u00e9flexes ,le r\u00e9flexologue <strong>r\u00e9\u00e9quilibre le corps,<\/strong> relance les m\u00e9canisme <strong>d&rsquo;auto-gu\u00e9rison<\/strong> et la <strong>circulation \u00e9nerg\u00e9tique<\/strong>.<\/p><p>\u00a0<\/p><p>La r\u00e9flexologie est principalement utilis\u00e9e pour soulager les probl\u00e8mes li\u00e9s au <strong>stress, l&rsquo;anxi\u00e9t\u00e9 , les douleurs musculaires<\/strong> mais peut aussi prendre en charge <strong>les troubles du sommeil, les troubles digestifs, les migraines, les addictions<\/strong> ,la r\u00e9cup\u00e9ration sportive ,la grossesse, la perte de poids\u00a0, l&rsquo;accompagnement des effets secondaire li\u00e9s \u00e0 la chimioth\u00e9rapie&#8230;<\/p><p>\u00a0<\/p><p>Utile pour de nombreux maux et d&rsquo;une r\u00e9elle efficacit\u00e9, la r\u00e9flexologie existe depuis des milliers d&rsquo;ann\u00e9es et est pratiqu\u00e9e par de nombreuses civilisations.<\/p><p>Les premi\u00e8re traces de cette m\u00e9thode ont \u00e9t\u00e9 retrouv\u00e9es depuis l&rsquo;Egypte antique\u00a0.<\/p><p>L&rsquo;int\u00e9r\u00eat\u00a0 pour cette\u00a0technique s&rsquo;est progressivement \u00e9teint, probablement \u00e0 cause de la d\u00e9couverte des mol\u00e9cules chimiques\u00a0<\/p><h6>Selon les pays, l&rsquo;usage de la r\u00e9flexologie est courant ou \u00a0tol\u00e9r\u00e9. Dans les pays d&rsquo;Europe du Nord, elle y est consid\u00e9r\u00e9e comme une th\u00e9rapie et \u200best int\u00e9gr\u00e9e dans les syst\u00e8mes de soin.<\/h6><h6>En France, elle est de plus en plus connue et de plus en plus de mutuelles remboursent partiellement ou totalement les s\u00e9ances de r\u00e9flexologie.<\/h6><h6>\u00a0<\/h6><p>\u00a0<\/p><p>\u00a0<\/p><p>\u00a0<\/p><p><strong>\u00a0<\/strong><\/p><p><strong>A QUI S\u2019ADRESSE LA REFLEXOLOGIE\u00a0?<\/strong><\/p><p>Pour tout \u00e2ge du nourrisson \u00e0 la personne \u00e2g\u00e9e.<\/p><p>Seules les personnes souffrant d&rsquo;une phl\u00e9bite ou une embolie pulmonaire r\u00e9cente ainsi que le premier trimestre de la grossesse et le cancer de la lymphe ne seront pas prisent en charge avec la r\u00e9flexologie.<\/p><p>\u00a0<\/p><p><strong>DEROULEMENT D\u2019UNE SEANCE\u00a0:<\/strong><\/p><p>Apr\u00e8s un entretien, qui renseigne sur l\u2019\u00e9tat de sant\u00e9 g\u00e9n\u00e9ral (qualit\u00e9 du sommeil, de la digestion, du niveau de stress, op\u00e9rations r\u00e9centes\u2026) et sur le but de la visite du consultant, celui-ci s\u2019installe confortablement dans un transat ou sur une table de massage.<\/p><p>Les premiers gestes de r\u00e9flexologie proprement dites sont d\u00e9di\u00e9s \u00e0 la d\u00e9tente et \u00e0 la relaxation de la personne. Puis, s\u2019ensuit des manipulations pr\u00e9cises sur certaines zones r\u00e9flexes afin de permettre au corps de retrouver l&rsquo;hom\u00e9ostasie n\u00e9cessaire \u00e0 son bon fonctionnement.<\/p><p>Pendant et \u00e0 la fin de la s\u00e9ance, la personne est invit\u00e9e \u00e0 \u00e9changer sur les sensations qu\u2019elle a ressenties.<\/p><p>\u00a0<\/p>\t\t\t\t\t\t<\/div>\n\t\t\t\t<\/div>\n\t\t\t\t\t<\/div>\n\t\t<\/div>\n\t\t\t\t\t\t\t<\/div>\n\t\t<\/section>\n\t\t\t\t\t\t<\/div>\n\t\t\t\t\t<\/div>\n\t\t","protected":false},"excerpt":{"rendered":"<p>La r\u00e9flexologie est une technique de massage sp\u00e9cifique issue de la m\u00e9decine traditionnelle chinoise qui int\u00e8gre le fait que le corps dans sa globalit\u00e9\u00a0 est repr\u00e9sent\u00e9 sur certaines zones comme les mains ,les pieds ,le visage ou les oreilles. Ainsi en travaillant sur des zones r\u00e9flexes ,le r\u00e9flexologue r\u00e9\u00e9quilibre le corps, relance les m\u00e9canisme d&rsquo;auto-gu\u00e9rison [&hellip;]<\/p>\n","protected":false},"author":1,"featured_media":0,"parent":0,"menu_order":0,"comment_status":"closed","ping_status":"closed","template":"","meta":[],"_links":{"self":[{"href":"https:\/\/www.reflexonat.com\/index.php\/wp-json\/wp\/v2\/pages\/37"}],"collection":[{"href":"https:\/\/www.reflexonat.com\/index.php\/wp-json\/wp\/v2\/pages"}],"about":[{"href":"https:\/\/www.reflexonat.com\/index.php\/wp-json\/wp\/v2\/types\/page"}],"author":[{"embeddable":true,"href":"https:\/\/www.reflexonat.com\/index.php\/wp-json\/wp\/v2\/users\/1"}],"replies":[{"embeddable":true,"href":"https:\/\/www.reflexonat.com\/index.php\/wp-json\/wp\/v2\/comments?post=37"}],"version-history":[{"count":4,"href":"https:\/\/www.reflexonat.com\/index.php\/wp-json\/wp\/v2\/pages\/37\/revisions"}],"predecessor-version":[{"id":137,"href":"https:\/\/www.reflexonat.com\/index.php\/wp-json\/wp\/v2\/pages\/37\/revisions\/137"}],"wp:attachment":[{"href":"https:\/\/www.reflexonat.com\/index.php\/wp-json\/wp\/v2\/media?parent=37"}],"curies":[{"name":"wp","href":"https:\/\/api.w.org\/{rel}","templated":true}]}}