{"id":39,"date":"2021-08-17T10:43:37","date_gmt":"2021-08-17T08:43:37","guid":{"rendered":"http:\/\/www.reflexonat.com\/?page_id=39"},"modified":"2021-09-26T19:48:02","modified_gmt":"2021-09-26T17:48:02","slug":"tarifs","status":"publish","type":"page","link":"https:\/\/www.reflexonat.com\/index.php\/tarifs\/","title":{"rendered":"Tarifs"},"content":{"rendered":"\t\t<div data-elementor-type=\"wp-page\" data-elementor-id=\"39\" class=\"elementor elementor-39\" data-elementor-settings=\"[]\">\n\t\t\t\t\t\t\t<div class=\"elementor-section-wrap\">\n\t\t\t\t\t\t\t<section class=\"elementor-section elementor-top-section elementor-element elementor-element-2dcd5e70 elementor-section-boxed elementor-section-height-default elementor-section-height-default\" data-id=\"2dcd5e70\" data-element_type=\"section\">\n\t\t\t\t\t\t<div class=\"elementor-container elementor-column-gap-default\">\n\t\t\t\t\t<div class=\"elementor-column elementor-col-100 elementor-top-column elementor-element elementor-element-1dfab8be\" data-id=\"1dfab8be\" data-element_type=\"column\">\n\t\t\t<div class=\"elementor-widget-wrap elementor-element-populated\">\n\t\t\t\t\t\t\t\t<div class=\"elementor-element elementor-element-34e6125d elementor-widget elementor-widget-text-editor\" data-id=\"34e6125d\" data-element_type=\"widget\" data-widget_type=\"text-editor.default\">\n\t\t\t\t<div class=\"elementor-widget-container\">\n\t\t\t\t\t\t\t<!-- wp:paragraph -->\n<p><strong>REFLEXOLOGIE ADULTE<\/strong><\/p>\n<!-- \/wp:paragraph --><!-- wp:paragraph -->\n<p>Plantaire\/1 heure\u00a0: 40 E\u00a0 une s\u00e9ance offerte au bout de la 10 eme<\/p>\n<!-- \/wp:paragraph --><!-- wp:paragraph -->\n<p>Palmaire\/45mn\u00a0:\u00a0\u00a0 35 E<\/p>\n<!-- \/wp:paragraph --><!-- wp:paragraph -->\n<p>Faciale\u00a0\/45 mn:35 E<\/p>\n<!-- \/wp:paragraph --><!-- wp:paragraph -->\n<p>Auriculath\u00e9rapie\/30 mn\u00a0: 30 E<\/p>\n<p>\u00a0<\/p>\n<!-- \/wp:paragraph --><!-- wp:paragraph -->\n<p><strong>Forfait auriculoth\u00e9rapie+plantaire\u00a0: 55E<\/strong><\/p>\n<!-- \/wp:paragraph --><!-- wp:paragraph -->\n<p><strong>Forfait auriculoth\u00e9rapie+faciale:50E<\/strong><\/p>\n<p>\u00a0<\/p>\n<!-- \/wp:paragraph --><!-- wp:paragraph -->\n<p><strong>REFLEXOLOGIE PEDIATRIQUE<\/strong><\/p>\n<!-- \/wp:paragraph --><!-- wp:paragraph -->\n<p>1ere s\u00e9ance : 30E<\/p>\n<!-- \/wp:paragraph --><!-- wp:paragraph -->\n<p>suivi de consultation p\u00e9diatrique:20E<\/p>\n<p>\u00a0<\/p>\n<!-- \/wp:paragraph --><!-- wp:paragraph -->\n<p>Pour tout suivi au long court un tarif d\u00e9gressif sera appliqu\u00e9<\/p>\n<!-- \/wp:paragraph --><!-- wp:paragraph -->\n<p>Certaines mutuelles peuvent prendre en charge les sc\u00e9ances de r\u00e9flexologie n&rsquo;h\u00e9sitez pas \u00e0 faire la demande aupr\u00e8s de votre compl\u00e9mentaire afin de conna\u00eetre votre prise en charge.<\/p>\n<!-- \/wp:paragraph -->\t\t\t\t\t\t<\/div>\n\t\t\t\t<\/div>\n\t\t\t\t\t<\/div>\n\t\t<\/div>\n\t\t\t\t\t\t\t<\/div>\n\t\t<\/section>\n\t\t\t\t\t\t<\/div>\n\t\t\t\t\t<\/div>\n\t\t","protected":false},"excerpt":{"rendered":"<p>REFLEXOLOGIE ADULTE Plantaire\/1 heure\u00a0: 40 E\u00a0 une s\u00e9ance offerte au bout de la 10 eme Palmaire\/45mn\u00a0:\u00a0\u00a0 35 E Faciale\u00a0\/45 mn:35 E Auriculath\u00e9rapie\/30 mn\u00a0: 30 E \u00a0 Forfait auriculoth\u00e9rapie+plantaire\u00a0: 55E Forfait auriculoth\u00e9rapie+faciale:50E \u00a0 REFLEXOLOGIE PEDIATRIQUE 1ere s\u00e9ance : 30E suivi de consultation p\u00e9diatrique:20E \u00a0 Pour tout suivi au long court un tarif d\u00e9gressif sera appliqu\u00e9 Certaines [&hellip;]<\/p>\n","protected":false},"author":1,"featured_media":0,"parent":0,"menu_order":0,"comment_status":"closed","ping_status":"closed","template":"","meta":[],"_links":{"self":[{"href":"https:\/\/www.reflexonat.com\/index.php\/wp-json\/wp\/v2\/pages\/39"}],"collection":[{"href":"https:\/\/www.reflexonat.com\/index.php\/wp-json\/wp\/v2\/pages"}],"about":[{"href":"https:\/\/www.reflexonat.com\/index.php\/wp-json\/wp\/v2\/types\/page"}],"author":[{"embeddable":true,"href":"https:\/\/www.reflexonat.com\/index.php\/wp-json\/wp\/v2\/users\/1"}],"replies":[{"embeddable":true,"href":"https:\/\/www.reflexonat.com\/index.php\/wp-json\/wp\/v2\/comments?post=39"}],"version-history":[{"count":5,"href":"https:\/\/www.reflexonat.com\/index.php\/wp-json\/wp\/v2\/pages\/39\/revisions"}],"predecessor-version":[{"id":153,"href":"https:\/\/www.reflexonat.com\/index.php\/wp-json\/wp\/v2\/pages\/39\/revisions\/153"}],"wp:attachment":[{"href":"https:\/\/www.reflexonat.com\/index.php\/wp-json\/wp\/v2\/media?parent=39"}],"curies":[{"name":"wp","href":"https:\/\/api.w.org\/{rel}","templated":true}]}}