{"id":40,"date":"2021-08-17T10:43:37","date_gmt":"2021-08-17T08:43:37","guid":{"rendered":"http:\/\/www.reflexonat.com\/?page_id=40"},"modified":"2021-09-20T10:26:58","modified_gmt":"2021-09-20T08:26:58","slug":"naturopathie","status":"publish","type":"page","link":"https:\/\/www.reflexonat.com\/index.php\/naturopathie\/","title":{"rendered":"Naturopathie"},"content":{"rendered":"\t\t<div data-elementor-type=\"wp-page\" data-elementor-id=\"40\" class=\"elementor elementor-40\" data-elementor-settings=\"[]\">\n\t\t\t\t\t\t\t<div class=\"elementor-section-wrap\">\n\t\t\t\t\t\t\t<section class=\"elementor-section elementor-top-section elementor-element elementor-element-d3bb6d5 elementor-section-boxed elementor-section-height-default elementor-section-height-default\" data-id=\"d3bb6d5\" data-element_type=\"section\">\n\t\t\t\t\t\t<div class=\"elementor-container elementor-column-gap-default\">\n\t\t\t\t\t<div class=\"elementor-column elementor-col-100 elementor-top-column elementor-element elementor-element-8ba237d\" data-id=\"8ba237d\" data-element_type=\"column\">\n\t\t\t<div class=\"elementor-widget-wrap elementor-element-populated\">\n\t\t\t\t\t\t\t\t<div class=\"elementor-element elementor-element-e5bfddc elementor-widget elementor-widget-text-editor\" data-id=\"e5bfddc\" data-element_type=\"widget\" data-widget_type=\"text-editor.default\">\n\t\t\t\t<div class=\"elementor-widget-container\">\n\t\t\t\t\t\t\t<p>Quesque la naturopathie\u00a0:<\/p><p>M\u00e9decine avant tout pr\u00e9ventive, la naturoth\u00e9rapie vise \u00e0 maintenir et\/ou r\u00e9tablir la sant\u00e9 par des moyens naturels. Le naturopathe cherche \u00e0 r\u00e9tablir les capacit\u00e9s d\u2019auto-gu\u00e9rison inh\u00e9rents \u00e0 chacun et sa d\u00e9marche consiste \u00e0 s\u2019appuyer sur les points forts afin de contrebalancer les faiblesses. A cet effet, il \u00e9tablit un bilan de vitalit\u00e9, qui n\u2019est pas un diagnostic mais qui entend, par divers moyens, mesurer le niveau de vitalit\u00e9, estimer les surcharges et les carences pour stimuler et renforcer ces capacit\u00e9s.<\/p><p>\u00a0Le naturopathe a une double mission, celle de th\u00e9rapeute, qui permet \u00e0 la personne de retrouver la sant\u00e9 et celle d\u2019\u00e9ducateur de sant\u00e9, par laquelle il donne des conseils d\u2019hygi\u00e8ne vitale, dans le but que la personne conserve la sant\u00e9 sur le long terme. Un naturopathe ne doit pas cr\u00e9er de d\u00e9pendance avec ses clients mais au contraire les guider sur le chemin de la sant\u00e9 en les rendant acteurs de leur propre sant\u00e9, de fa\u00e7on autonome.<\/p><p>\u00a0<\/p><p>Bas\u00e9 sur l&rsquo;alimentation de fa\u00e7on majoritaire la naturopathie peut utiliser d&rsquo;autres techniques naturelle comme l&rsquo;exercice physique, la phytoth\u00e9rapie, l&rsquo;hom\u00e9opathie, certaines techniques de massage dont la r\u00e9flexologie&#8230;<\/p><p>Ainsi une consultation avec un naturopathe prend en compte l&rsquo;individu dans son ensemble et dans son environnement afin de comprendre au mieux ses besoins et de trouver une solution pour pouvoir mettre en place une hygi\u00e8ne de vie qui tend \u00e0 r\u00e9tablir les dysfonctionnements.<\/p><p>Ainsi pour de nombreuses pathologies le naturopathe proposera un accompagnement complet\u00a0.<\/p><p>La naturopathie s\u2019adresse \u00e0 tous, quel que soit leur \u00e2ge ou leur condition physique. En effet, plus la pr\u00e9vention s\u2019effectue t\u00f4t dans la vie, plus les d\u00e9r\u00e8glements sont trait\u00e9s rapidement apr\u00e8s leur apparition, plus les chances de r\u00e9tablir un \u00e9tat de sant\u00e9 sont grandes.<\/p><p>Exemple pour lesquels on peut consulter un naturopathe\u00a0:<\/p><p>Arthrose ,allergie, ecz\u00e9ma, perte de poids, syndrome pr\u00e9menstruel ,maladie chronique de toutes sortes, stimulation du syst\u00e8me immunitaire et pr\u00e9vention des infections hivernales, accompagnement des PMA, sevrage tabagique&#8230;.<\/p><p>DEROULEMENT D UNE CONSULTATION\u00a0:<\/p><p>Lors de la premi\u00e8re consultation il sera \u00e9tablie un bilan vital qui consiste en un questionnaire tr\u00e8s approfondis sur les habitudes de vie ,l&rsquo;alimentation ,l&rsquo;environnement\u00a0; cet pr\u00e9mi\u00e8re s\u00e9ance dure environ 1h\u00a0\/1h\u00a030<\/p><p>Apr\u00e8s analyse des informations collect\u00e9es sera mis en place un protocole d&rsquo;accompagnement personnalis\u00e9.<\/p><p>Les s\u00e9ances suivante permettront le suivis et la r\u00e9adaptation en fonction des am\u00e9liorations obtenues ou les modifications \u00e0 mettre en place\u00a0, les s\u00e9ances suivante se d\u00e9rouleront sur environ 40mn.<\/p><p>Le nombre de s\u00e9ances sera \u00e9tabli en fonction de vos objectifs et de vos besoins.<\/p><p>\u00a0<\/p><p>TARIF<\/p><p>1 ere s\u00e9ance 50 euros<\/p><p>suivi 35 euros<\/p><p>Les consultations peuvent \u00eatre prise en charge par certaines mutuelles n&rsquo;h\u00e9sitez pas \u00e0 vous renseigner aupr\u00e8s de votre assureur.<\/p><p>\u00a0<\/p><p>\u00a0<\/p>\t\t\t\t\t\t<\/div>\n\t\t\t\t<\/div>\n\t\t\t\t\t<\/div>\n\t\t<\/div>\n\t\t\t\t\t\t\t<\/div>\n\t\t<\/section>\n\t\t\t\t\t\t<\/div>\n\t\t\t\t\t<\/div>\n\t\t","protected":false},"excerpt":{"rendered":"<p>Quesque la naturopathie\u00a0: M\u00e9decine avant tout pr\u00e9ventive, la naturoth\u00e9rapie vise \u00e0 maintenir et\/ou r\u00e9tablir la sant\u00e9 par des moyens naturels. Le naturopathe cherche \u00e0 r\u00e9tablir les capacit\u00e9s d\u2019auto-gu\u00e9rison inh\u00e9rents \u00e0 chacun et sa d\u00e9marche consiste \u00e0 s\u2019appuyer sur les points forts afin de contrebalancer les faiblesses. A cet effet, il \u00e9tablit un bilan de vitalit\u00e9, [&hellip;]<\/p>\n","protected":false},"author":1,"featured_media":0,"parent":0,"menu_order":0,"comment_status":"closed","ping_status":"closed","template":"","meta":[],"_links":{"self":[{"href":"https:\/\/www.reflexonat.com\/index.php\/wp-json\/wp\/v2\/pages\/40"}],"collection":[{"href":"https:\/\/www.reflexonat.com\/index.php\/wp-json\/wp\/v2\/pages"}],"about":[{"href":"https:\/\/www.reflexonat.com\/index.php\/wp-json\/wp\/v2\/types\/page"}],"author":[{"embeddable":true,"href":"https:\/\/www.reflexonat.com\/index.php\/wp-json\/wp\/v2\/users\/1"}],"replies":[{"embeddable":true,"href":"https:\/\/www.reflexonat.com\/index.php\/wp-json\/wp\/v2\/comments?post=40"}],"version-history":[{"count":4,"href":"https:\/\/www.reflexonat.com\/index.php\/wp-json\/wp\/v2\/pages\/40\/revisions"}],"predecessor-version":[{"id":121,"href":"https:\/\/www.reflexonat.com\/index.php\/wp-json\/wp\/v2\/pages\/40\/revisions\/121"}],"wp:attachment":[{"href":"https:\/\/www.reflexonat.com\/index.php\/wp-json\/wp\/v2\/media?parent=40"}],"curies":[{"name":"wp","href":"https:\/\/api.w.org\/{rel}","templated":true}]}}