{"id":78,"date":"2021-08-25T10:21:23","date_gmt":"2021-08-25T08:21:23","guid":{"rendered":"http:\/\/www.reflexonat.com\/?page_id=78"},"modified":"2021-09-26T19:40:59","modified_gmt":"2021-09-26T17:40:59","slug":"reflexologie-faciale","status":"publish","type":"page","link":"https:\/\/www.reflexonat.com\/index.php\/reflexologie-faciale\/","title":{"rendered":"R\u00e9flexologie faciale"},"content":{"rendered":"\t\t<div data-elementor-type=\"wp-page\" data-elementor-id=\"78\" class=\"elementor elementor-78\" data-elementor-settings=\"[]\">\n\t\t\t\t\t\t\t<div class=\"elementor-section-wrap\">\n\t\t\t\t\t\t\t<section class=\"elementor-section elementor-top-section elementor-element elementor-element-34b26086 elementor-section-boxed elementor-section-height-default elementor-section-height-default\" data-id=\"34b26086\" data-element_type=\"section\">\n\t\t\t\t\t\t<div class=\"elementor-container elementor-column-gap-default\">\n\t\t\t\t\t<div class=\"elementor-column elementor-col-100 elementor-top-column elementor-element elementor-element-644935ee\" data-id=\"644935ee\" data-element_type=\"column\">\n\t\t\t<div class=\"elementor-widget-wrap elementor-element-populated\">\n\t\t\t\t\t\t\t\t<div class=\"elementor-element elementor-element-60c630e5 elementor-widget elementor-widget-text-editor\" data-id=\"60c630e5\" data-element_type=\"widget\" data-widget_type=\"text-editor.default\">\n\t\t\t\t<div class=\"elementor-widget-container\">\n\t\t\t\t\t\t\t<!-- wp:paragraph -->\n<p>Massage doux au niveau du visage appr\u00e9cie lors de stress important ,permet de relacher les traits du visage am\u00e9liore la s\u00e9cr\u00e9tion de collag\u00e8ne\u00a0 procure un relachement globale mais aussi poss\u00e8de des vertues aussi esth\u00e9tique.<\/p>\n<!-- \/wp:paragraph -->\t\t\t\t\t\t<\/div>\n\t\t\t\t<\/div>\n\t\t\t\t\t<\/div>\n\t\t<\/div>\n\t\t\t\t\t\t\t<\/div>\n\t\t<\/section>\n\t\t\t\t<section class=\"elementor-section elementor-top-section elementor-element elementor-element-617c261 elementor-section-boxed elementor-section-height-default elementor-section-height-default\" data-id=\"617c261\" data-element_type=\"section\">\n\t\t\t\t\t\t<div class=\"elementor-container elementor-column-gap-default\">\n\t\t\t\t\t<div class=\"elementor-column elementor-col-100 elementor-top-column elementor-element elementor-element-bd5f449\" data-id=\"bd5f449\" data-element_type=\"column\">\n\t\t\t<div class=\"elementor-widget-wrap elementor-element-populated\">\n\t\t\t\t\t\t\t\t<div class=\"elementor-element elementor-element-685599c elementor-widget elementor-widget-image\" data-id=\"685599c\" data-element_type=\"widget\" data-widget_type=\"image.default\">\n\t\t\t\t<div class=\"elementor-widget-container\">\n\t\t\t\t\t\t\t\t\t\t\t\t\t\t\t<img width=\"612\" height=\"408\" src=\"https:\/\/www.reflexonat.com\/wp-content\/uploads\/2021\/08\/istockphoto-682884716-612x612-1.jpg\" class=\"attachment-large size-large\" alt=\"\" loading=\"lazy\" srcset=\"https:\/\/www.reflexonat.com\/wp-content\/uploads\/2021\/08\/istockphoto-682884716-612x612-1.jpg 612w, https:\/\/www.reflexonat.com\/wp-content\/uploads\/2021\/08\/istockphoto-682884716-612x612-1-300x200.jpg 300w\" sizes=\"(max-width: 612px) 100vw, 612px\" \/>\t\t\t\t\t\t\t\t\t\t\t\t\t\t\t<\/div>\n\t\t\t\t<\/div>\n\t\t\t\t\t<\/div>\n\t\t<\/div>\n\t\t\t\t\t\t\t<\/div>\n\t\t<\/section>\n\t\t\t\t\t\t<\/div>\n\t\t\t\t\t<\/div>\n\t\t","protected":false},"excerpt":{"rendered":"<p>Massage doux au niveau du visage appr\u00e9cie lors de stress important ,permet de relacher les traits du visage am\u00e9liore la s\u00e9cr\u00e9tion de collag\u00e8ne\u00a0 procure un relachement globale mais aussi poss\u00e8de des vertues aussi esth\u00e9tique.<\/p>\n","protected":false},"author":1,"featured_media":0,"parent":0,"menu_order":0,"comment_status":"closed","ping_status":"closed","template":"","meta":[],"_links":{"self":[{"href":"https:\/\/www.reflexonat.com\/index.php\/wp-json\/wp\/v2\/pages\/78"}],"collection":[{"href":"https:\/\/www.reflexonat.com\/index.php\/wp-json\/wp\/v2\/pages"}],"about":[{"href":"https:\/\/www.reflexonat.com\/index.php\/wp-json\/wp\/v2\/types\/page"}],"author":[{"embeddable":true,"href":"https:\/\/www.reflexonat.com\/index.php\/wp-json\/wp\/v2\/users\/1"}],"replies":[{"embeddable":true,"href":"https:\/\/www.reflexonat.com\/index.php\/wp-json\/wp\/v2\/comments?post=78"}],"version-history":[{"count":4,"href":"https:\/\/www.reflexonat.com\/index.php\/wp-json\/wp\/v2\/pages\/78\/revisions"}],"predecessor-version":[{"id":143,"href":"https:\/\/www.reflexonat.com\/index.php\/wp-json\/wp\/v2\/pages\/78\/revisions\/143"}],"wp:attachment":[{"href":"https:\/\/www.reflexonat.com\/index.php\/wp-json\/wp\/v2\/media?parent=78"}],"curies":[{"name":"wp","href":"https:\/\/api.w.org\/{rel}","templated":true}]}}