{"id":80,"date":"2021-08-25T10:22:19","date_gmt":"2021-08-25T08:22:19","guid":{"rendered":"http:\/\/www.reflexonat.com\/?page_id=80"},"modified":"2021-09-26T19:39:05","modified_gmt":"2021-09-26T17:39:05","slug":"reflexologie-plantaire-2","status":"publish","type":"page","link":"https:\/\/www.reflexonat.com\/index.php\/reflexologie-plantaire-2\/","title":{"rendered":"R\u00e9flexologie plantaire"},"content":{"rendered":"\t\t<div data-elementor-type=\"wp-page\" data-elementor-id=\"80\" class=\"elementor elementor-80\" data-elementor-settings=\"[]\">\n\t\t\t\t\t\t\t<div class=\"elementor-section-wrap\">\n\t\t\t\t\t\t\t<section class=\"elementor-section elementor-top-section elementor-element elementor-element-6b13d3b3 elementor-section-boxed elementor-section-height-default elementor-section-height-default\" data-id=\"6b13d3b3\" data-element_type=\"section\">\n\t\t\t\t\t\t<div class=\"elementor-container elementor-column-gap-default\">\n\t\t\t\t\t<div class=\"elementor-column elementor-col-100 elementor-top-column elementor-element elementor-element-7c2c1109\" data-id=\"7c2c1109\" data-element_type=\"column\">\n\t\t\t<div class=\"elementor-widget-wrap\">\n\t\t\t\t\t\t\t\t\t<\/div>\n\t\t<\/div>\n\t\t\t\t\t\t\t<\/div>\n\t\t<\/section>\n\t\t\t\t<section class=\"elementor-section elementor-top-section elementor-element elementor-element-20bbf4a elementor-section-boxed elementor-section-height-default elementor-section-height-default\" data-id=\"20bbf4a\" data-element_type=\"section\">\n\t\t\t\t\t\t<div class=\"elementor-container elementor-column-gap-default\">\n\t\t\t\t\t<div class=\"elementor-column elementor-col-100 elementor-top-column elementor-element elementor-element-f2aca88\" data-id=\"f2aca88\" data-element_type=\"column\">\n\t\t\t<div class=\"elementor-widget-wrap elementor-element-populated\">\n\t\t\t\t\t\t\t\t<div class=\"elementor-element elementor-element-35b74cd5 elementor-widget elementor-widget-text-editor\" data-id=\"35b74cd5\" data-element_type=\"widget\" data-widget_type=\"text-editor.default\">\n\t\t\t\t<div class=\"elementor-widget-container\">\n\t\t\t\t\t\t\t<p class=\"Standard\"><span style=\"font-size: 16.0pt; font-family: Gabriola;\">Massage doux localis\u00e9 sur les pieds qui vient travailler des zones r\u00e9flexes afin de <u>r\u00e9tablir un dysfonctionnement.<\/u><\/span><\/p>\n<p class=\"Standard\"><span style=\"font-size: 16.0pt; font-family: Gabriola;\">Apr\u00e8s usage de diff\u00e9rentes technique de relaxation, le r\u00e9flexologue travaillera sur des protocoles complet et mettra en \u00e9vidence des zones de tension correspondants aux organes ou aux parties du corps \u00e0 traiter.<\/span><\/p>\n<p class=\"Standard\"><span style=\"font-size: 16.0pt; font-family: Gabriola;\">La r\u00e9flexologie plantaire est la plus connue des r\u00e9flexologie, le pied \u00e9tant la meilleure surface pour un travail pr\u00e9cis et profond.<\/span><\/p>\n<!-- wp:paragraph --><!-- \/wp:paragraph -->\t\t\t\t\t\t<\/div>\n\t\t\t\t<\/div>\n\t\t\t\t<div class=\"elementor-element elementor-element-a25a16c elementor-widget elementor-widget-image\" data-id=\"a25a16c\" data-element_type=\"widget\" data-widget_type=\"image.default\">\n\t\t\t\t<div class=\"elementor-widget-container\">\n\t\t\t\t\t\t\t\t\t\t\t\t\t\t\t<img width=\"1024\" height=\"682\" src=\"https:\/\/www.reflexonat.com\/wp-content\/uploads\/2021\/08\/foot-massage-2277450_1280-1024x682.jpg\" class=\"attachment-large size-large\" alt=\"\" loading=\"lazy\" srcset=\"https:\/\/www.reflexonat.com\/wp-content\/uploads\/2021\/08\/foot-massage-2277450_1280-1024x682.jpg 1024w, https:\/\/www.reflexonat.com\/wp-content\/uploads\/2021\/08\/foot-massage-2277450_1280-300x200.jpg 300w, https:\/\/www.reflexonat.com\/wp-content\/uploads\/2021\/08\/foot-massage-2277450_1280-768x512.jpg 768w, https:\/\/www.reflexonat.com\/wp-content\/uploads\/2021\/08\/foot-massage-2277450_1280.jpg 1280w\" sizes=\"(max-width: 1024px) 100vw, 1024px\" \/>\t\t\t\t\t\t\t\t\t\t\t\t\t\t\t<\/div>\n\t\t\t\t<\/div>\n\t\t\t\t\t<\/div>\n\t\t<\/div>\n\t\t\t\t\t\t\t<\/div>\n\t\t<\/section>\n\t\t\t\t\t\t<\/div>\n\t\t\t\t\t<\/div>\n\t\t","protected":false},"excerpt":{"rendered":"<p>Massage doux localis\u00e9 sur les pieds qui vient travailler des zones r\u00e9flexes afin de r\u00e9tablir un dysfonctionnement. Apr\u00e8s usage de diff\u00e9rentes technique de relaxation, le r\u00e9flexologue travaillera sur des protocoles complet et mettra en \u00e9vidence des zones de tension correspondants aux organes ou aux parties du corps \u00e0 traiter. La r\u00e9flexologie plantaire est la plus [&hellip;]<\/p>\n","protected":false},"author":1,"featured_media":0,"parent":0,"menu_order":0,"comment_status":"closed","ping_status":"closed","template":"","meta":[],"_links":{"self":[{"href":"https:\/\/www.reflexonat.com\/index.php\/wp-json\/wp\/v2\/pages\/80"}],"collection":[{"href":"https:\/\/www.reflexonat.com\/index.php\/wp-json\/wp\/v2\/pages"}],"about":[{"href":"https:\/\/www.reflexonat.com\/index.php\/wp-json\/wp\/v2\/types\/page"}],"author":[{"embeddable":true,"href":"https:\/\/www.reflexonat.com\/index.php\/wp-json\/wp\/v2\/users\/1"}],"replies":[{"embeddable":true,"href":"https:\/\/www.reflexonat.com\/index.php\/wp-json\/wp\/v2\/comments?post=80"}],"version-history":[{"count":7,"href":"https:\/\/www.reflexonat.com\/index.php\/wp-json\/wp\/v2\/pages\/80\/revisions"}],"predecessor-version":[{"id":140,"href":"https:\/\/www.reflexonat.com\/index.php\/wp-json\/wp\/v2\/pages\/80\/revisions\/140"}],"wp:attachment":[{"href":"https:\/\/www.reflexonat.com\/index.php\/wp-json\/wp\/v2\/media?parent=80"}],"curies":[{"name":"wp","href":"https:\/\/api.w.org\/{rel}","templated":true}]}}