{"id":82,"date":"2021-08-25T10:22:46","date_gmt":"2021-08-25T08:22:46","guid":{"rendered":"http:\/\/www.reflexonat.com\/?page_id=82"},"modified":"2021-09-26T19:42:00","modified_gmt":"2021-09-26T17:42:00","slug":"reflexologie-palmaire","status":"publish","type":"page","link":"https:\/\/www.reflexonat.com\/index.php\/reflexologie-palmaire\/","title":{"rendered":"R\u00e9flexologie palmaire"},"content":{"rendered":"\t\t<div data-elementor-type=\"wp-page\" data-elementor-id=\"82\" class=\"elementor elementor-82\" data-elementor-settings=\"[]\">\n\t\t\t\t\t\t\t<div class=\"elementor-section-wrap\">\n\t\t\t\t\t\t\t<section class=\"elementor-section elementor-top-section elementor-element elementor-element-18b4e12c elementor-section-boxed elementor-section-height-default elementor-section-height-default\" data-id=\"18b4e12c\" data-element_type=\"section\">\n\t\t\t\t\t\t<div class=\"elementor-container elementor-column-gap-default\">\n\t\t\t\t\t<div class=\"elementor-column elementor-col-100 elementor-top-column elementor-element elementor-element-767853aa\" data-id=\"767853aa\" data-element_type=\"column\">\n\t\t\t<div class=\"elementor-widget-wrap elementor-element-populated\">\n\t\t\t\t\t\t\t\t<div class=\"elementor-element elementor-element-39c97865 elementor-widget elementor-widget-text-editor\" data-id=\"39c97865\" data-element_type=\"widget\" data-widget_type=\"text-editor.default\">\n\t\t\t\t<div class=\"elementor-widget-container\">\n\t\t\t\t\t\t\t<!-- wp:paragraph -->\n<p>Plutot cibl\u00e9 pour des personnes fragiles tr\u00e8s ag\u00e9es ou faible elle consiste en un massage doux des mains au coude, poss\u00e8de les memes vertues que le plantaire et permettra aussi relaxation et bien-etre.<\/p>\n<!-- \/wp:paragraph -->\t\t\t\t\t\t<\/div>\n\t\t\t\t<\/div>\n\t\t\t\t\t<\/div>\n\t\t<\/div>\n\t\t\t\t\t\t\t<\/div>\n\t\t<\/section>\n\t\t\t\t<section class=\"elementor-section elementor-top-section elementor-element elementor-element-8161ea7 elementor-section-boxed elementor-section-height-default elementor-section-height-default\" data-id=\"8161ea7\" data-element_type=\"section\">\n\t\t\t\t\t\t<div class=\"elementor-container elementor-column-gap-default\">\n\t\t\t\t\t<div class=\"elementor-column elementor-col-100 elementor-top-column elementor-element elementor-element-77c5a29\" data-id=\"77c5a29\" data-element_type=\"column\">\n\t\t\t<div class=\"elementor-widget-wrap elementor-element-populated\">\n\t\t\t\t\t\t\t\t<div class=\"elementor-element elementor-element-b49160d elementor-widget elementor-widget-image\" data-id=\"b49160d\" data-element_type=\"widget\" data-widget_type=\"image.default\">\n\t\t\t\t<div class=\"elementor-widget-container\">\n\t\t\t\t\t\t\t\t\t\t\t\t\t\t\t<img width=\"376\" height=\"134\" src=\"https:\/\/www.reflexonat.com\/wp-content\/uploads\/2021\/08\/REFLEXO-PALMAIRE.jpg\" class=\"attachment-large size-large\" alt=\"\" loading=\"lazy\" srcset=\"https:\/\/www.reflexonat.com\/wp-content\/uploads\/2021\/08\/REFLEXO-PALMAIRE.jpg 376w, https:\/\/www.reflexonat.com\/wp-content\/uploads\/2021\/08\/REFLEXO-PALMAIRE-300x107.jpg 300w\" sizes=\"(max-width: 376px) 100vw, 376px\" \/>\t\t\t\t\t\t\t\t\t\t\t\t\t\t\t<\/div>\n\t\t\t\t<\/div>\n\t\t\t\t\t<\/div>\n\t\t<\/div>\n\t\t\t\t\t\t\t<\/div>\n\t\t<\/section>\n\t\t\t\t\t\t<\/div>\n\t\t\t\t\t<\/div>\n\t\t","protected":false},"excerpt":{"rendered":"<p>Plutot cibl\u00e9 pour des personnes fragiles tr\u00e8s ag\u00e9es ou faible elle consiste en un massage doux des mains au coude, poss\u00e8de les memes vertues que le plantaire et permettra aussi relaxation et bien-etre.<\/p>\n","protected":false},"author":1,"featured_media":0,"parent":0,"menu_order":0,"comment_status":"closed","ping_status":"closed","template":"","meta":[],"_links":{"self":[{"href":"https:\/\/www.reflexonat.com\/index.php\/wp-json\/wp\/v2\/pages\/82"}],"collection":[{"href":"https:\/\/www.reflexonat.com\/index.php\/wp-json\/wp\/v2\/pages"}],"about":[{"href":"https:\/\/www.reflexonat.com\/index.php\/wp-json\/wp\/v2\/types\/page"}],"author":[{"embeddable":true,"href":"https:\/\/www.reflexonat.com\/index.php\/wp-json\/wp\/v2\/users\/1"}],"replies":[{"embeddable":true,"href":"https:\/\/www.reflexonat.com\/index.php\/wp-json\/wp\/v2\/comments?post=82"}],"version-history":[{"count":4,"href":"https:\/\/www.reflexonat.com\/index.php\/wp-json\/wp\/v2\/pages\/82\/revisions"}],"predecessor-version":[{"id":146,"href":"https:\/\/www.reflexonat.com\/index.php\/wp-json\/wp\/v2\/pages\/82\/revisions\/146"}],"wp:attachment":[{"href":"https:\/\/www.reflexonat.com\/index.php\/wp-json\/wp\/v2\/media?parent=82"}],"curies":[{"name":"wp","href":"https:\/\/api.w.org\/{rel}","templated":true}]}}